{"id":362,"date":"2024-10-05T00:03:44","date_gmt":"2024-10-05T00:03:44","guid":{"rendered":"https:\/\/gustavo.rssoftllc.com\/?page_id=362"},"modified":"2024-10-13T19:02:41","modified_gmt":"2024-10-13T19:02:41","slug":"about-us","status":"publish","type":"page","link":"https:\/\/gustavo.rssoftllc.com\/es\/about-us\/","title":{"rendered":"Sobre Nosotros"},"content":{"rendered":"<div data-elementor-type=\"wp-page\" data-elementor-id=\"362\" class=\"elementor elementor-362\" data-elementor-post-type=\"page\">\n\t\t\t\t<div class=\"elementor-element elementor-element-391a52a2 e-flex e-con-boxed e-con e-parent\" data-id=\"391a52a2\" data-element_type=\"container\">\n\t\t\t\t\t<div class=\"e-con-inner\">\n\t\t<div class=\"elementor-element elementor-element-6082a27c e-flex e-con-boxed e-con e-child\" data-id=\"6082a27c\" data-element_type=\"container\" data-settings=\"{&quot;background_background&quot;:&quot;classic&quot;}\">\n\t\t\t\t\t<div class=\"e-con-inner\">\n\t\t\t\t<div class=\"elementor-element elementor-element-57d7547a elementor-invisible elementor-widget elementor-widget-heading\" data-id=\"57d7547a\" data-element_type=\"widget\" data-settings=\"{&quot;_animation&quot;:&quot;fadeInDown&quot;}\" data-widget_type=\"heading.default\">\n\t\t\t\t<div class=\"elementor-widget-container\">\n\t\t\t<h2 class=\"elementor-heading-title elementor-size-default\">Sobre Nosotros<\/h2>\t\t<\/div>\n\t\t\t\t<\/div>\n\t\t\t\t\t<\/div>\n\t\t\t\t<\/div>\n\t\t\t\t\t<\/div>\n\t\t\t\t<\/div>\n\t\t<div class=\"elementor-element elementor-element-12100a7 e-flex e-con-boxed e-con e-parent\" data-id=\"12100a7\" data-element_type=\"container\" data-settings=\"{&quot;background_background&quot;:&quot;classic&quot;}\">\n\t\t\t\t\t<div class=\"e-con-inner\">\n\t\t<div class=\"elementor-element elementor-element-f139182 e-con-full e-flex e-con e-child\" data-id=\"f139182\" data-element_type=\"container\">\n\t\t\t\t<div class=\"elementor-element elementor-element-d57498b elementor-widget elementor-widget-image\" data-id=\"d57498b\" data-element_type=\"widget\" data-widget_type=\"image.default\">\n\t\t\t\t<div class=\"elementor-widget-container\">\n\t\t\t\t\t\t\t\t\t\t\t\t\t<img fetchpriority=\"high\" decoding=\"async\" width=\"475\" height=\"563\" src=\"https:\/\/gustavo.rssoftllc.com\/wp-content\/uploads\/2024\/10\/g1-e1727821181713.jpg\" class=\"attachment-large size-large wp-image-142\" alt=\"\" srcset=\"https:\/\/gustavo.rssoftllc.com\/wp-content\/uploads\/2024\/10\/g1-e1727821181713.jpg 475w, https:\/\/gustavo.rssoftllc.com\/wp-content\/uploads\/2024\/10\/g1-e1727821181713-253x300.jpg 253w\" sizes=\"(max-width: 475px) 100vw, 475px\" \/>\t\t\t\t\t\t\t\t\t\t\t\t\t<\/div>\n\t\t\t\t<\/div>\n\t\t\t\t<\/div>\n\t\t<div class=\"elementor-element elementor-element-9e9c03a e-con-full e-flex elementor-invisible e-con e-child\" data-id=\"9e9c03a\" data-element_type=\"container\" data-settings=\"{&quot;animation&quot;:&quot;fadeInRight&quot;}\">\n\t\t\t\t<div class=\"elementor-element elementor-element-3cb22ae elementor-widget elementor-widget-heading\" data-id=\"3cb22ae\" data-element_type=\"widget\" data-widget_type=\"heading.default\">\n\t\t\t\t<div class=\"elementor-widget-container\">\n\t\t\t<h2 class=\"elementor-heading-title elementor-size-default\">Sobre Nosotros<\/h2>\t\t<\/div>\n\t\t\t\t<\/div>\n\t\t\t\t<div class=\"elementor-element elementor-element-47f76dc elementor-widget elementor-widget-text-editor\" data-id=\"47f76dc\" data-element_type=\"widget\" data-widget_type=\"text-editor.default\">\n\t\t\t\t<div class=\"elementor-widget-container\">\n\t\t\t\t\t\t\t<p>Gustavo Vel\u00e1zquez, MD<\/p><p>Nac\u00ed en Guatemala y me gradu\u00e9 all\u00e1 como M\u00e9dico y Cirujano en 1980. La agitaci\u00f3n pol\u00edtica en Guatemala me llev\u00f3 a Estados Unidos en 1981. Luego de aprobar las pruebas de la Junta M\u00e9dica Nacional en Estados Unidos, realic\u00e9 un a\u00f1o de entrenamiento quir\u00fargico en UCLA, California, y luego complet\u00e9 mi formaci\u00f3n en Medicina Familiar en la Universidad de Nuevo M\u00e9xico.<\/p><p>Tengo 20 a\u00f1os de experiencia en Medicina de Emergencia. Soy instructor de Soporte Vital Avanzado en Trauma por el Colegio Americano de Cirujanos, certificado por la Junta de Medicina Familiar y pr\u00e1ctico atenci\u00f3n de urgencias y medicina familiar a trav\u00e9s de teleconferencias a partir de enero de 2025. Soy biling\u00fce ingl\u00e9s\/espa\u00f1ol y tengo licencia para ejercer medicina en los estados de Arizona. , Texas y Utah, donde resido.<\/p>\t\t\t\t\t\t<\/div>\n\t\t\t\t<\/div>\n\t\t\t\t<div class=\"elementor-element elementor-element-9bdbbaa elementor-widget elementor-widget-button\" data-id=\"9bdbbaa\" data-element_type=\"widget\" data-widget_type=\"button.default\">\n\t\t\t\t<div class=\"elementor-widget-container\">\n\t\t\t\t\t<div class=\"elementor-button-wrapper\">\n\t\t\t<a class=\"elementor-button elementor-button-link elementor-size-sm\" href=\"https:\/\/gustavo.rssoftllc.com\/wp-content\/uploads\/2024\/10\/Updated-CV-.pdf\" target=\"_blank\">\n\t\t\t\t\t\t<span class=\"elementor-button-content-wrapper\">\n\t\t\t\t\t\t\t\t\t<span class=\"elementor-button-text\">Mi Curriculum Vitae es extenso y se puede consultar aqu\u00ed.<\/span>\n\t\t\t\t\t<\/span>\n\t\t\t\t\t<\/a>\n\t\t<\/div>\n\t\t\t\t<\/div>\n\t\t\t\t<\/div>\n\t\t\t\t<\/div>\n\t\t\t\t\t<\/div>\n\t\t\t\t<\/div>\n\t\t\t\t<\/div>","protected":false},"excerpt":{"rendered":"<p>About Us About Us Gustavo G. Velasquez, MD I was born in Guatemala and graduated there as Physician and Surgeon in 1980. Political turmoil in Guatemala took me to the USA in 1981. After passing the National Medical Boards in the USA, I did a year of training in Surgery at UCLA in California and [&hellip;]<\/p>","protected":false},"author":1,"featured_media":0,"parent":0,"menu_order":0,"comment_status":"closed","ping_status":"closed","template":"","meta":{"footnotes":""},"class_list":["post-362","page","type-page","status-publish","hentry"],"_links":{"self":[{"href":"https:\/\/gustavo.rssoftllc.com\/es\/wp-json\/wp\/v2\/pages\/362","targetHints":{"allow":["GET"]}}],"collection":[{"href":"https:\/\/gustavo.rssoftllc.com\/es\/wp-json\/wp\/v2\/pages"}],"about":[{"href":"https:\/\/gustavo.rssoftllc.com\/es\/wp-json\/wp\/v2\/types\/page"}],"author":[{"embeddable":true,"href":"https:\/\/gustavo.rssoftllc.com\/es\/wp-json\/wp\/v2\/users\/1"}],"replies":[{"embeddable":true,"href":"https:\/\/gustavo.rssoftllc.com\/es\/wp-json\/wp\/v2\/comments?post=362"}],"version-history":[{"count":17,"href":"https:\/\/gustavo.rssoftllc.com\/es\/wp-json\/wp\/v2\/pages\/362\/revisions"}],"predecessor-version":[{"id":643,"href":"https:\/\/gustavo.rssoftllc.com\/es\/wp-json\/wp\/v2\/pages\/362\/revisions\/643"}],"wp:attachment":[{"href":"https:\/\/gustavo.rssoftllc.com\/es\/wp-json\/wp\/v2\/media?parent=362"}],"curies":[{"name":"wp","href":"https:\/\/api.w.org\/{rel}","templated":true}]}}